{"id":5607,"date":"2022-12-08T01:54:06","date_gmt":"2022-12-08T00:54:06","guid":{"rendered":"https:\/\/mommertz.health\/imprint\/"},"modified":"2023-01-21T21:23:50","modified_gmt":"2023-01-21T20:23:50","slug":"imprint","status":"publish","type":"page","link":"https:\/\/mommertz.health\/en\/imprint\/","title":{"rendered":"Imprint"},"content":{"rendered":"\n<h2 class=\"wp-block-heading\">Information according to \u00a7 5 TMG<\/h2>\n\n<p>Gottfried Mommertz<br\/>Avenida Irlanda 129<br\/>11149 Conil de la Frontera<\/p>\n\n<h2 class=\"wp-block-heading\">Contact<\/h2>\n\n<p>Phone: +49 163 243 5877<br\/>E-Mail: hello@mommertz.health<\/p>\n\n<p>Designed with \u2764\ufe0fby <a href=\"https:\/\/mommertz.design\">Mommertz Smart Marketing<\/a>.<\/p>\n\n<h2 class=\"wp-block-heading\">Supervisory authority<\/h2>\n\n<p>Ministerio de sanidad, servicios sociales e igualiad<br\/>Paseo del Prado 18-20<br\/>28071 Madrid<\/p>\n\n<p><a href=\"https:\/\/www.sanidad.gob.es\/en\/profesionales\/saludPublica\/prevPromocion\/promocion\/desigualdadSalud\/equidad1.htm\">https:\/\/www.sanidad.gob.es\/en\/profesionales\/saludPublica\/prevPromocion\/promocion\/desigualdadSalud\/equidad1.htm<\/a><\/p>\n\n<h2 class=\"wp-block-heading\">Professional title and professional regulations<\/h2>\n\n<p>Job Title:<br\/>Doctor<\/p>\n\n<p>Chamber in charge:<br\/>Excelent\u00ecsimo Colegio Oficial de M\u00e9dicos de C\u00e1diz<br\/>Calle Cervantes 12<br\/>11003 C\u00e1diz<\/p>\n\n<p>Awarded in:<br\/>Spain<br\/><\/p>\n\n<p>The following professional regulations apply:<\/p>\n\n<p><\/p>\n\n<h2 class=\"wp-block-heading\">Professional liability information<\/h2>\n\n<p><strong>Name and registered office of the insurer:<\/strong><br\/>Excelent\u00ecsimo Colegio Oficial de M\u00e9dicos de C\u00e1diz<br\/>Calle Cervantes 12<br\/>11003 C\u00e1diz<\/p>\n\n<p><strong>Scope of the insurance:<\/strong><br\/>Spain<\/p>\n\n<h2 class=\"wp-block-heading\">Editorially responsible<\/h2>\n\n<p>Timm Mommertz<br\/>Parkstra\u00dfe 4<br\/>53639 K\u00f6nigswinter<\/p>\n\n<p>Credits for images: <\/p>\n\n<p><a href=\"https:\/\/www.flaticon.com\/de\/kostenlose-icons\/ultraschall\">Ultrasound icons created by Icon home &#8211; Flaticon<\/a><br\/><a href=\"https:\/\/www.flaticon.com\/free-icons\/vascular-surgery\">Vascular surgery icons created by Freepik &#8211; Flaticon<\/a><br\/><a href=\"https:\/\/www.flaticon.com\/free-icons\/mouth\">Mouth icons created by Freepik &#8211; Flaticon<\/a><br\/><a href=\"https:\/\/www.flaticon.com\/de\/kostenlose-icons\/anatomie\">Anatomie Icons created by pictogramer &#8211; Flaticon<\/a><br\/>\u00a9 https:\/\/www.istockphoto.com\/de<br\/>\u00a9 https:\/\/www.freepik.com<\/p>\n\n<h2 class=\"wp-block-heading\">EU Dispute Resolution<\/h2>\n\n<p>The European Commission provides a platform for online dispute resolution (OS): <a href=\"https:\/\/ec.europa.eu\/consumers\/odr\/\" target=\"_blank\" rel=\"noreferrer noopener\">https:\/\/ec.europa.eu\/consumers\/odr\/<\/a>.<br\/>You can find our e-mail address in the imprint above.<\/p>\n\n<h2 class=\"wp-block-heading\">Consumer dispute resolution\/universal arbitration board<\/h2>\n\n<p>We are not willing or obliged to participate in dispute resolution proceedings before a consumer arbitration board.<\/p>\n","protected":false},"excerpt":{"rendered":"<p>Information according to \u00a7 5 TMG Gottfried MommertzAvenida Irlanda 12911149 Conil de la Frontera Contact Phone: +49 163 243 5877E-Mail: hello@mommertz.health Designed with \u2764\ufe0fby Mommertz Smart Marketing. Supervisory authority Ministerio de sanidad, servicios sociales e igualiadPaseo del Prado 18-2028071 Madrid https:\/\/www.sanidad.gob.es\/en\/profesionales\/saludPublica\/prevPromocion\/promocion\/desigualdadSalud\/equidad1.htm Professional title and professional&#8230;<\/p>\n","protected":false},"author":1,"featured_media":0,"parent":0,"menu_order":0,"comment_status":"closed","ping_status":"closed","template":"","meta":{"footnotes":""},"class_list":["post-5607","page","type-page","status-publish","hentry"],"yoast_head":"<!-- This site is optimized with the Yoast SEO plugin v25.6 - https:\/\/yoast.com\/wordpress\/plugins\/seo\/ -->\n<title>Imprint - Mommertz Health - Gesund und sch\u00f6n an der Costa de la Luz<\/title>\n<meta name=\"robots\" content=\"index, follow, max-snippet:-1, max-image-preview:large, max-video-preview:-1\" \/>\n<link rel=\"canonical\" href=\"https:\/\/mommertz.health\/en\/imprint\/\" \/>\n<meta property=\"og:locale\" content=\"en_US\" \/>\n<meta property=\"og:type\" content=\"article\" \/>\n<meta property=\"og:title\" content=\"Imprint - Mommertz Health - Gesund und sch\u00f6n an der Costa de la Luz\" \/>\n<meta property=\"og:description\" content=\"Information according to \u00a7 5 TMG Gottfried MommertzAvenida Irlanda 12911149 Conil de la Frontera Contact Phone: +49 163 243 5877E-Mail: hello@mommertz.health Designed with \u2764\ufe0fby Mommertz Smart Marketing. Supervisory authority Ministerio de sanidad, servicios sociales e igualiadPaseo del Prado 18-2028071 Madrid https:\/\/www.sanidad.gob.es\/en\/profesionales\/saludPublica\/prevPromocion\/promocion\/desigualdadSalud\/equidad1.htm Professional title and professional...\" \/>\n<meta property=\"og:url\" content=\"https:\/\/mommertz.health\/en\/imprint\/\" \/>\n<meta property=\"og:site_name\" content=\"Mommertz Health - Gesund und sch\u00f6n an der Costa de la Luz\" \/>\n<meta property=\"article:publisher\" content=\"https:\/\/www.facebook.com\/profile.php?id=100088873442215\" \/>\n<meta property=\"article:modified_time\" content=\"2023-01-21T20:23:50+00:00\" \/>\n<meta name=\"twitter:card\" content=\"summary_large_image\" \/>\n<meta name=\"twitter:label1\" content=\"Est. reading time\" \/>\n\t<meta name=\"twitter:data1\" content=\"1 minute\" \/>\n<script type=\"application\/ld+json\" class=\"yoast-schema-graph\">{\"@context\":\"https:\/\/schema.org\",\"@graph\":[{\"@type\":\"WebPage\",\"@id\":\"https:\/\/mommertz.health\/en\/imprint\/\",\"url\":\"https:\/\/mommertz.health\/en\/imprint\/\",\"name\":\"Imprint - Mommertz Health - Gesund und sch\u00f6n an der Costa de la Luz\",\"isPartOf\":{\"@id\":\"https:\/\/mommertz.health\/en\/#website\"},\"datePublished\":\"2022-12-08T00:54:06+00:00\",\"dateModified\":\"2023-01-21T20:23:50+00:00\",\"breadcrumb\":{\"@id\":\"https:\/\/mommertz.health\/en\/imprint\/#breadcrumb\"},\"inLanguage\":\"en-US\",\"potentialAction\":[{\"@type\":\"ReadAction\",\"target\":[\"https:\/\/mommertz.health\/en\/imprint\/\"]}]},{\"@type\":\"BreadcrumbList\",\"@id\":\"https:\/\/mommertz.health\/en\/imprint\/#breadcrumb\",\"itemListElement\":[{\"@type\":\"ListItem\",\"position\":1,\"name\":\"Startseite\",\"item\":\"https:\/\/mommertz.health\/en\/home\/\"},{\"@type\":\"ListItem\",\"position\":2,\"name\":\"Imprint\"}]},{\"@type\":\"WebSite\",\"@id\":\"https:\/\/mommertz.health\/en\/#website\",\"url\":\"https:\/\/mommertz.health\/en\/\",\"name\":\"Mommertz Health - Gesund und sch\u00f6n an der Costa de la Luz\",\"description\":\"Wir bieten Ihnen die passenden Kosmetik- und Gesundheitsbehandlungen f\u00fcr Ihren perfekten Urlaub an der Costa de la Luz\",\"publisher\":{\"@id\":\"https:\/\/mommertz.health\/en\/#organization\"},\"potentialAction\":[{\"@type\":\"SearchAction\",\"target\":{\"@type\":\"EntryPoint\",\"urlTemplate\":\"https:\/\/mommertz.health\/en\/?s={search_term_string}\"},\"query-input\":{\"@type\":\"PropertyValueSpecification\",\"valueRequired\":true,\"valueName\":\"search_term_string\"}}],\"inLanguage\":\"en-US\"},{\"@type\":\"Organization\",\"@id\":\"https:\/\/mommertz.health\/en\/#organization\",\"name\":\"Dr. Mommertz - Mommertz Health\",\"url\":\"https:\/\/mommertz.health\/en\/\",\"logo\":{\"@type\":\"ImageObject\",\"inLanguage\":\"en-US\",\"@id\":\"https:\/\/mommertz.health\/en\/#\/schema\/logo\/image\/\",\"url\":\"https:\/\/mommertz.health\/wp-content\/uploads\/2022\/12\/Small.png\",\"contentUrl\":\"https:\/\/mommertz.health\/wp-content\/uploads\/2022\/12\/Small.png\",\"width\":512,\"height\":506,\"caption\":\"Dr. Mommertz - Mommertz Health\"},\"image\":{\"@id\":\"https:\/\/mommertz.health\/en\/#\/schema\/logo\/image\/\"},\"sameAs\":[\"https:\/\/www.facebook.com\/profile.php?id=100088873442215\",\"https:\/\/www.instagram.com\/dr_g_mommertz_beleza_y_salud\/\"]}]}<\/script>\n<!-- \/ Yoast SEO plugin. -->","yoast_head_json":{"title":"Imprint - Mommertz Health - Gesund und sch\u00f6n an der Costa de la Luz","robots":{"index":"index","follow":"follow","max-snippet":"max-snippet:-1","max-image-preview":"max-image-preview:large","max-video-preview":"max-video-preview:-1"},"canonical":"https:\/\/mommertz.health\/en\/imprint\/","og_locale":"en_US","og_type":"article","og_title":"Imprint - Mommertz Health - Gesund und sch\u00f6n an der Costa de la Luz","og_description":"Information according to \u00a7 5 TMG Gottfried MommertzAvenida Irlanda 12911149 Conil de la Frontera Contact Phone: +49 163 243 5877E-Mail: hello@mommertz.health Designed with \u2764\ufe0fby Mommertz Smart Marketing. Supervisory authority Ministerio de sanidad, servicios sociales e igualiadPaseo del Prado 18-2028071 Madrid https:\/\/www.sanidad.gob.es\/en\/profesionales\/saludPublica\/prevPromocion\/promocion\/desigualdadSalud\/equidad1.htm Professional title and professional...","og_url":"https:\/\/mommertz.health\/en\/imprint\/","og_site_name":"Mommertz Health - Gesund und sch\u00f6n an der Costa de la Luz","article_publisher":"https:\/\/www.facebook.com\/profile.php?id=100088873442215","article_modified_time":"2023-01-21T20:23:50+00:00","twitter_card":"summary_large_image","twitter_misc":{"Est. reading time":"1 minute"},"schema":{"@context":"https:\/\/schema.org","@graph":[{"@type":"WebPage","@id":"https:\/\/mommertz.health\/en\/imprint\/","url":"https:\/\/mommertz.health\/en\/imprint\/","name":"Imprint - Mommertz Health - Gesund und sch\u00f6n an der Costa de la Luz","isPartOf":{"@id":"https:\/\/mommertz.health\/en\/#website"},"datePublished":"2022-12-08T00:54:06+00:00","dateModified":"2023-01-21T20:23:50+00:00","breadcrumb":{"@id":"https:\/\/mommertz.health\/en\/imprint\/#breadcrumb"},"inLanguage":"en-US","potentialAction":[{"@type":"ReadAction","target":["https:\/\/mommertz.health\/en\/imprint\/"]}]},{"@type":"BreadcrumbList","@id":"https:\/\/mommertz.health\/en\/imprint\/#breadcrumb","itemListElement":[{"@type":"ListItem","position":1,"name":"Startseite","item":"https:\/\/mommertz.health\/en\/home\/"},{"@type":"ListItem","position":2,"name":"Imprint"}]},{"@type":"WebSite","@id":"https:\/\/mommertz.health\/en\/#website","url":"https:\/\/mommertz.health\/en\/","name":"Mommertz Health - Gesund und sch\u00f6n an der Costa de la Luz","description":"Wir bieten Ihnen die passenden Kosmetik- und Gesundheitsbehandlungen f\u00fcr Ihren perfekten Urlaub an der Costa de la Luz","publisher":{"@id":"https:\/\/mommertz.health\/en\/#organization"},"potentialAction":[{"@type":"SearchAction","target":{"@type":"EntryPoint","urlTemplate":"https:\/\/mommertz.health\/en\/?s={search_term_string}"},"query-input":{"@type":"PropertyValueSpecification","valueRequired":true,"valueName":"search_term_string"}}],"inLanguage":"en-US"},{"@type":"Organization","@id":"https:\/\/mommertz.health\/en\/#organization","name":"Dr. Mommertz - Mommertz Health","url":"https:\/\/mommertz.health\/en\/","logo":{"@type":"ImageObject","inLanguage":"en-US","@id":"https:\/\/mommertz.health\/en\/#\/schema\/logo\/image\/","url":"https:\/\/mommertz.health\/wp-content\/uploads\/2022\/12\/Small.png","contentUrl":"https:\/\/mommertz.health\/wp-content\/uploads\/2022\/12\/Small.png","width":512,"height":506,"caption":"Dr. Mommertz - Mommertz Health"},"image":{"@id":"https:\/\/mommertz.health\/en\/#\/schema\/logo\/image\/"},"sameAs":["https:\/\/www.facebook.com\/profile.php?id=100088873442215","https:\/\/www.instagram.com\/dr_g_mommertz_beleza_y_salud\/"]}]}},"jetpack_sharing_enabled":true,"_links":{"self":[{"href":"https:\/\/mommertz.health\/en\/wp-json\/wp\/v2\/pages\/5607","targetHints":{"allow":["GET"]}}],"collection":[{"href":"https:\/\/mommertz.health\/en\/wp-json\/wp\/v2\/pages"}],"about":[{"href":"https:\/\/mommertz.health\/en\/wp-json\/wp\/v2\/types\/page"}],"author":[{"embeddable":true,"href":"https:\/\/mommertz.health\/en\/wp-json\/wp\/v2\/users\/1"}],"replies":[{"embeddable":true,"href":"https:\/\/mommertz.health\/en\/wp-json\/wp\/v2\/comments?post=5607"}],"version-history":[{"count":10,"href":"https:\/\/mommertz.health\/en\/wp-json\/wp\/v2\/pages\/5607\/revisions"}],"predecessor-version":[{"id":6296,"href":"https:\/\/mommertz.health\/en\/wp-json\/wp\/v2\/pages\/5607\/revisions\/6296"}],"wp:attachment":[{"href":"https:\/\/mommertz.health\/en\/wp-json\/wp\/v2\/media?parent=5607"}],"curies":[{"name":"wp","href":"https:\/\/api.w.org\/{rel}","templated":true}]}}