{"id":5730,"date":"2022-12-08T01:54:06","date_gmt":"2022-12-08T00:54:06","guid":{"rendered":"https:\/\/mommertz.health\/imprimir\/"},"modified":"2023-01-21T21:24:05","modified_gmt":"2023-01-21T20:24:05","slug":"imprimir","status":"publish","type":"page","link":"https:\/\/mommertz.health\/es\/imprimir\/","title":{"rendered":"Imprimir"},"content":{"rendered":"\n<h2 class=\"wp-block-heading\">Informaci\u00f3n seg\u00fan \u00a7 5 TMG<\/h2>\n\n<p>Gottfried Mommertz<br\/>Avenida Irlanda 129<br\/>11149 Conil de la Frontera<\/p>\n\n<h2 class=\"wp-block-heading\">Contacto<\/h2>\n\n<p>Tel\u00e9fono: +49 163 243 5877<br\/>E-Mail: hello@mommertz.health<\/p>\n\n<p>Designed with \u2764\ufe0fby <a href=\"https:\/\/mommertz.design\">Mommertz Smart Marketing<\/a>.<\/p>\n\n<h2 class=\"wp-block-heading\">Autoridad de control<\/h2>\n\n<p>Ministerio de sanidad, servicios sociales e igualiad<br\/>Paseo del Prado 18-20<br\/>28071 Madrid<\/p>\n\n<p><a href=\"https:\/\/www.sanidad.gob.es\/en\/profesionales\/saludPublica\/prevPromocion\/promocion\/desigualdadSalud\/equidad1.htm\">https:\/\/www.sanidad.gob.es\/en\/profesionales\/saludPublica\/prevPromocion\/promocion\/desigualdadSalud\/equidad1.htm<\/a><\/p>\n\n<h2 class=\"wp-block-heading\">T\u00edtulo profesional y reglamentaci\u00f3n profesional<\/h2>\n\n<p>T\u00edtulo del puesto:<br\/>Doctor<\/p>\n\n<p>C\u00e1mara competente:<br\/>Excelent\u00ecsimo Colegio Oficial de M\u00e9dicos de C\u00e1diz<br\/>Calle Cervantes 12<br\/>11003 C\u00e1diz<\/p>\n\n<p>Concedido en:<br\/>Espa\u00f1a<br\/><\/p>\n\n<p>Se aplican las siguientes normas profesionales:<\/p>\n\n<p><\/p>\n\n<h2 class=\"wp-block-heading\">Informaci\u00f3n sobre responsabilidad profesional<\/h2>\n\n<p><strong>Nombre y domicilio social del asegurador:<\/strong><br\/>Excelent\u00ecsimo Colegio Oficial de M\u00e9dicos de C\u00e1diz<br\/>Calle Cervantes 12<br\/>11003 C\u00e1diz<\/p>\n\n<p><strong>Zona de validez del seguro:<\/strong><br\/>Espa\u00f1a<\/p>\n\n<h2 class=\"wp-block-heading\">Editorialmente responsable<\/h2>\n\n<p>Timm Mommertz<br\/>Parkstra\u00dfe 4<br\/>53639 K\u00f6nigswinter<\/p>\n\n<p>Cr\u00e9ditos de las im\u00e1genes: <\/p>\n\n<p><a href=\"https:\/\/www.flaticon.com\/de\/kostenlose-icons\/ultraschall\">Ultrasonidos Iconos creados por Icon home &#8211; Flaticon<\/a><br\/><a href=\"https:\/\/www.flaticon.com\/free-icons\/vascular-surgery\">Iconos de cirug\u00eda vascular creados por Freepik &#8211; Flaticon<\/a><br\/><a href=\"https:\/\/www.flaticon.com\/free-icons\/mouth\">Iconos de la boca creados por Freepik &#8211; Flaticon<\/a><br\/><a href=\"https:\/\/www.flaticon.com\/de\/kostenlose-icons\/anatomie\">Iconos de anatom\u00eda creados por pictogramer &#8211; Flaticon<\/a><br\/>\u00a9 https:\/\/www.istockphoto.com\/de<br\/>\u00a9 https:\/\/www.freepik.com<\/p>\n\n<h2 class=\"wp-block-heading\">Resoluci\u00f3n de litigios en la UE<\/h2>\n\n<p>La Comisi\u00f3n Europea ofrece una plataforma para la resoluci\u00f3n de litigios en l\u00ednea (ODR): <a href=\"https:\/\/ec.europa.eu\/consumers\/odr\/\" target=\"_blank\" rel=\"noreferrer noopener\">https:\/\/ec.europa.eu\/consumers\/odr\/<\/a>.<br\/>Encontrar\u00e1 nuestra direcci\u00f3n de correo electr\u00f3nico en el pie de imprenta.<\/p>\n\n<h2 class=\"wp-block-heading\">Resoluci\u00f3n de litigios en materia de consumo\/Junta Arbitral Universal<\/h2>\n\n<p>No estamos dispuestos ni obligados a participar en procedimientos de resoluci\u00f3n de litigios ante una junta arbitral de consumo.<\/p>\n","protected":false},"excerpt":{"rendered":"<p>Informaci\u00f3n seg\u00fan \u00a7 5 TMG Gottfried MommertzAvenida Irlanda 12911149 Conil de la Frontera Contacto Tel\u00e9fono: +49 163 243 5877E-Mail: hello@mommertz.health Designed with \u2764\ufe0fby Mommertz Smart Marketing. Autoridad de control Ministerio de sanidad, servicios sociales e igualiadPaseo del Prado 18-2028071 Madrid https:\/\/www.sanidad.gob.es\/en\/profesionales\/saludPublica\/prevPromocion\/promocion\/desigualdadSalud\/equidad1.htm T\u00edtulo profesional y reglamentaci\u00f3n&#8230;<\/p>\n","protected":false},"author":1,"featured_media":0,"parent":0,"menu_order":0,"comment_status":"closed","ping_status":"closed","template":"","meta":{"footnotes":""},"class_list":["post-5730","page","type-page","status-publish","hentry"],"yoast_head":"<!-- This site is optimized with the Yoast SEO plugin v25.6 - https:\/\/yoast.com\/wordpress\/plugins\/seo\/ -->\n<title>Imprimir - Mommertz Health - Gesund und sch\u00f6n an der Costa de la Luz<\/title>\n<meta name=\"robots\" content=\"index, follow, max-snippet:-1, max-image-preview:large, max-video-preview:-1\" \/>\n<link rel=\"canonical\" href=\"https:\/\/mommertz.health\/es\/imprimir\/\" \/>\n<meta property=\"og:locale\" content=\"es_ES\" \/>\n<meta property=\"og:type\" content=\"article\" \/>\n<meta property=\"og:title\" content=\"Imprimir - Mommertz Health - Gesund und sch\u00f6n an der Costa de la Luz\" \/>\n<meta property=\"og:description\" content=\"Informaci\u00f3n seg\u00fan \u00a7 5 TMG Gottfried MommertzAvenida Irlanda 12911149 Conil de la Frontera Contacto Tel\u00e9fono: +49 163 243 5877E-Mail: hello@mommertz.health Designed with \u2764\ufe0fby Mommertz Smart Marketing. Autoridad de control Ministerio de sanidad, servicios sociales e igualiadPaseo del Prado 18-2028071 Madrid https:\/\/www.sanidad.gob.es\/en\/profesionales\/saludPublica\/prevPromocion\/promocion\/desigualdadSalud\/equidad1.htm T\u00edtulo profesional y reglamentaci\u00f3n...\" \/>\n<meta property=\"og:url\" content=\"https:\/\/mommertz.health\/es\/imprimir\/\" \/>\n<meta property=\"og:site_name\" content=\"Mommertz Health - Gesund und sch\u00f6n an der Costa de la Luz\" \/>\n<meta property=\"article:publisher\" content=\"https:\/\/www.facebook.com\/profile.php?id=100088873442215\" \/>\n<meta property=\"article:modified_time\" content=\"2023-01-21T20:24:05+00:00\" \/>\n<meta name=\"twitter:card\" content=\"summary_large_image\" \/>\n<meta name=\"twitter:label1\" content=\"Tiempo de lectura\" \/>\n\t<meta name=\"twitter:data1\" content=\"1 minuto\" \/>\n<script type=\"application\/ld+json\" class=\"yoast-schema-graph\">{\"@context\":\"https:\/\/schema.org\",\"@graph\":[{\"@type\":\"WebPage\",\"@id\":\"https:\/\/mommertz.health\/es\/imprimir\/\",\"url\":\"https:\/\/mommertz.health\/es\/imprimir\/\",\"name\":\"Imprimir - Mommertz Health - Gesund und sch\u00f6n an der Costa de la Luz\",\"isPartOf\":{\"@id\":\"https:\/\/mommertz.health\/es\/#website\"},\"datePublished\":\"2022-12-08T00:54:06+00:00\",\"dateModified\":\"2023-01-21T20:24:05+00:00\",\"breadcrumb\":{\"@id\":\"https:\/\/mommertz.health\/es\/imprimir\/#breadcrumb\"},\"inLanguage\":\"es\",\"potentialAction\":[{\"@type\":\"ReadAction\",\"target\":[\"https:\/\/mommertz.health\/es\/imprimir\/\"]}]},{\"@type\":\"BreadcrumbList\",\"@id\":\"https:\/\/mommertz.health\/es\/imprimir\/#breadcrumb\",\"itemListElement\":[{\"@type\":\"ListItem\",\"position\":1,\"name\":\"Startseite\",\"item\":\"https:\/\/mommertz.health\/es\/home\/\"},{\"@type\":\"ListItem\",\"position\":2,\"name\":\"Imprimir\"}]},{\"@type\":\"WebSite\",\"@id\":\"https:\/\/mommertz.health\/es\/#website\",\"url\":\"https:\/\/mommertz.health\/es\/\",\"name\":\"Mommertz Health - Gesund und sch\u00f6n an der Costa de la Luz\",\"description\":\"Wir bieten Ihnen die passenden Kosmetik- und Gesundheitsbehandlungen f\u00fcr Ihren perfekten Urlaub an der Costa de la Luz\",\"publisher\":{\"@id\":\"https:\/\/mommertz.health\/es\/#organization\"},\"potentialAction\":[{\"@type\":\"SearchAction\",\"target\":{\"@type\":\"EntryPoint\",\"urlTemplate\":\"https:\/\/mommertz.health\/es\/?s={search_term_string}\"},\"query-input\":{\"@type\":\"PropertyValueSpecification\",\"valueRequired\":true,\"valueName\":\"search_term_string\"}}],\"inLanguage\":\"es\"},{\"@type\":\"Organization\",\"@id\":\"https:\/\/mommertz.health\/es\/#organization\",\"name\":\"Dr. Mommertz - Mommertz Health\",\"url\":\"https:\/\/mommertz.health\/es\/\",\"logo\":{\"@type\":\"ImageObject\",\"inLanguage\":\"es\",\"@id\":\"https:\/\/mommertz.health\/es\/#\/schema\/logo\/image\/\",\"url\":\"https:\/\/mommertz.health\/wp-content\/uploads\/2022\/12\/Small.png\",\"contentUrl\":\"https:\/\/mommertz.health\/wp-content\/uploads\/2022\/12\/Small.png\",\"width\":512,\"height\":506,\"caption\":\"Dr. Mommertz - Mommertz Health\"},\"image\":{\"@id\":\"https:\/\/mommertz.health\/es\/#\/schema\/logo\/image\/\"},\"sameAs\":[\"https:\/\/www.facebook.com\/profile.php?id=100088873442215\",\"https:\/\/www.instagram.com\/dr_g_mommertz_beleza_y_salud\/\"]}]}<\/script>\n<!-- \/ Yoast SEO plugin. -->","yoast_head_json":{"title":"Imprimir - Mommertz Health - Gesund und sch\u00f6n an der Costa de la Luz","robots":{"index":"index","follow":"follow","max-snippet":"max-snippet:-1","max-image-preview":"max-image-preview:large","max-video-preview":"max-video-preview:-1"},"canonical":"https:\/\/mommertz.health\/es\/imprimir\/","og_locale":"es_ES","og_type":"article","og_title":"Imprimir - Mommertz Health - Gesund und sch\u00f6n an der Costa de la Luz","og_description":"Informaci\u00f3n seg\u00fan \u00a7 5 TMG Gottfried MommertzAvenida Irlanda 12911149 Conil de la Frontera Contacto Tel\u00e9fono: +49 163 243 5877E-Mail: hello@mommertz.health Designed with \u2764\ufe0fby Mommertz Smart Marketing. Autoridad de control Ministerio de sanidad, servicios sociales e igualiadPaseo del Prado 18-2028071 Madrid https:\/\/www.sanidad.gob.es\/en\/profesionales\/saludPublica\/prevPromocion\/promocion\/desigualdadSalud\/equidad1.htm T\u00edtulo profesional y reglamentaci\u00f3n...","og_url":"https:\/\/mommertz.health\/es\/imprimir\/","og_site_name":"Mommertz Health - Gesund und sch\u00f6n an der Costa de la Luz","article_publisher":"https:\/\/www.facebook.com\/profile.php?id=100088873442215","article_modified_time":"2023-01-21T20:24:05+00:00","twitter_card":"summary_large_image","twitter_misc":{"Tiempo de lectura":"1 minuto"},"schema":{"@context":"https:\/\/schema.org","@graph":[{"@type":"WebPage","@id":"https:\/\/mommertz.health\/es\/imprimir\/","url":"https:\/\/mommertz.health\/es\/imprimir\/","name":"Imprimir - Mommertz Health - Gesund und sch\u00f6n an der Costa de la Luz","isPartOf":{"@id":"https:\/\/mommertz.health\/es\/#website"},"datePublished":"2022-12-08T00:54:06+00:00","dateModified":"2023-01-21T20:24:05+00:00","breadcrumb":{"@id":"https:\/\/mommertz.health\/es\/imprimir\/#breadcrumb"},"inLanguage":"es","potentialAction":[{"@type":"ReadAction","target":["https:\/\/mommertz.health\/es\/imprimir\/"]}]},{"@type":"BreadcrumbList","@id":"https:\/\/mommertz.health\/es\/imprimir\/#breadcrumb","itemListElement":[{"@type":"ListItem","position":1,"name":"Startseite","item":"https:\/\/mommertz.health\/es\/home\/"},{"@type":"ListItem","position":2,"name":"Imprimir"}]},{"@type":"WebSite","@id":"https:\/\/mommertz.health\/es\/#website","url":"https:\/\/mommertz.health\/es\/","name":"Mommertz Health - Gesund und sch\u00f6n an der Costa de la Luz","description":"Wir bieten Ihnen die passenden Kosmetik- und Gesundheitsbehandlungen f\u00fcr Ihren perfekten Urlaub an der Costa de la Luz","publisher":{"@id":"https:\/\/mommertz.health\/es\/#organization"},"potentialAction":[{"@type":"SearchAction","target":{"@type":"EntryPoint","urlTemplate":"https:\/\/mommertz.health\/es\/?s={search_term_string}"},"query-input":{"@type":"PropertyValueSpecification","valueRequired":true,"valueName":"search_term_string"}}],"inLanguage":"es"},{"@type":"Organization","@id":"https:\/\/mommertz.health\/es\/#organization","name":"Dr. Mommertz - Mommertz Health","url":"https:\/\/mommertz.health\/es\/","logo":{"@type":"ImageObject","inLanguage":"es","@id":"https:\/\/mommertz.health\/es\/#\/schema\/logo\/image\/","url":"https:\/\/mommertz.health\/wp-content\/uploads\/2022\/12\/Small.png","contentUrl":"https:\/\/mommertz.health\/wp-content\/uploads\/2022\/12\/Small.png","width":512,"height":506,"caption":"Dr. Mommertz - Mommertz Health"},"image":{"@id":"https:\/\/mommertz.health\/es\/#\/schema\/logo\/image\/"},"sameAs":["https:\/\/www.facebook.com\/profile.php?id=100088873442215","https:\/\/www.instagram.com\/dr_g_mommertz_beleza_y_salud\/"]}]}},"jetpack_sharing_enabled":true,"_links":{"self":[{"href":"https:\/\/mommertz.health\/es\/wp-json\/wp\/v2\/pages\/5730","targetHints":{"allow":["GET"]}}],"collection":[{"href":"https:\/\/mommertz.health\/es\/wp-json\/wp\/v2\/pages"}],"about":[{"href":"https:\/\/mommertz.health\/es\/wp-json\/wp\/v2\/types\/page"}],"author":[{"embeddable":true,"href":"https:\/\/mommertz.health\/es\/wp-json\/wp\/v2\/users\/1"}],"replies":[{"embeddable":true,"href":"https:\/\/mommertz.health\/es\/wp-json\/wp\/v2\/comments?post=5730"}],"version-history":[{"count":10,"href":"https:\/\/mommertz.health\/es\/wp-json\/wp\/v2\/pages\/5730\/revisions"}],"predecessor-version":[{"id":6297,"href":"https:\/\/mommertz.health\/es\/wp-json\/wp\/v2\/pages\/5730\/revisions\/6297"}],"wp:attachment":[{"href":"https:\/\/mommertz.health\/es\/wp-json\/wp\/v2\/media?parent=5730"}],"curies":[{"name":"wp","href":"https:\/\/api.w.org\/{rel}","templated":true}]}}