{"id":6269,"date":"2023-01-16T19:10:10","date_gmt":"2023-01-16T18:10:10","guid":{"rendered":"https:\/\/mommertz.health\/boletin-del-dr-mommertz\/"},"modified":"2023-01-16T19:50:19","modified_gmt":"2023-01-16T18:50:19","slug":"boletin-del-dr-mommertz","status":"publish","type":"page","link":"https:\/\/mommertz.health\/es\/boletin-del-dr-mommertz\/","title":{"rendered":"Bolet\u00edn del Mommertz Health"},"content":{"rendered":"<div class=\"wpb-content-wrapper\"><p>[vc_row][vc_column width=\u00bb1\/2&#8243;][vc_column_text]<\/p>\n<h2 style=\"text-align: center;\">Suscr\u00edbase al bolet\u00edn Mommertz Health<\/h2>\n<p style=\"text-align: center;\">Suscr\u00edbase a nuestra lista de correo y reciba las \u00faltimas novedades<br \/>\n<b>noticias sobre medicina, est\u00e9tica y salud en la Costa de la Luz.<\/b><\/p>\n<p style=\"text-align: center;\"><script>(function() {\n\twindow.mc4wp = window.mc4wp || {\n\t\tlisteners: [],\n\t\tforms: {\n\t\t\ton: function(evt, cb) {\n\t\t\t\twindow.mc4wp.listeners.push(\n\t\t\t\t\t{\n\t\t\t\t\t\tevent   : evt,\n\t\t\t\t\t\tcallback: cb\n\t\t\t\t\t}\n\t\t\t\t);\n\t\t\t}\n\t\t}\n\t}\n})();\n<\/script><!-- Mailchimp for WordPress v4.10.6 - https:\/\/wordpress.org\/plugins\/mailchimp-for-wp\/ --><form id=\"mc4wp-form-1\" class=\"mc4wp-form mc4wp-form-5772 mc4wp-form-theme mc4wp-form-theme-dark\" method=\"post\" data-id=\"5772\" data-name=\"Newsletter\" ><div class=\"mc4wp-form-fields\"><p align=\"center\">\r\n\t<label>E-Mail-Adresse: \r\n\t\t<input type=\"email\" name=\"EMAIL\" placeholder=\"Deine E-Mail Adresse\" required \/>\r\n<\/label>\r\n<\/p>\r\n\r\n<p align=\"center\">\r\n    <label>Ich interessiere mich f\u00fcr<\/label>\r\n    <select name=\"MMERGE3\" required=\"\">\r\n        <option value=\"0\" selected=\"true\">-<\/option>\r\n        <option value=\"1\">Kosmetikprodukte<\/option>\r\n        <option value=\"2\">Neue Behandlungsm\u00f6glichkeiten<\/option>\r\n    <\/select>\r\n<\/p>\r\n\r\n<p align=\"center\">\r\n    <label>\r\n        <input name=\"AGREE_TO_TERMS\" type=\"checkbox\" value=\"1\" required=\"\"> <a href=\"https:\/\/mommertz.health\/es\/proteccion-de-datos\/\" target=\"_blank\" rel=\"noopener\">Ich habe die Datenschutzbestimmungen gelesen und stimme ihnen zu.<\/a>\r\n    <\/label>\r\n<\/p>\r\n<p align=\"center\">\r\n    <input type=\"submit\" value=\"Abonnieren\">\r\n<\/p><\/div><label style=\"display: none !important;\">Deja vac\u00edo este campo si eres humano: <input type=\"text\" name=\"_mc4wp_honeypot\" value=\"\" tabindex=\"-1\" autocomplete=\"off\" \/><\/label><input type=\"hidden\" name=\"_mc4wp_timestamp\" value=\"1777991960\" \/><input type=\"hidden\" name=\"_mc4wp_form_id\" value=\"5772\" \/><input type=\"hidden\" name=\"_mc4wp_form_element_id\" value=\"mc4wp-form-1\" \/><div class=\"mc4wp-response\"><\/div><\/form><!-- \/ Mailchimp for WordPress Plugin --><\/p>\n<p>[\/vc_column_text][\/vc_column][vc_column width=\u00bb1\/2&#8243;][vc_column_text]<\/p>\n<h2>Bolet\u00edn del Mommertz Health<\/h2>\n<p>Todas las \u00faltimas tendencias, acontecimientos interesantes y rese\u00f1as <span class=\"st\">\u2013<\/span><br \/>\ncon el bolet\u00edn del Dr. Mommertz estar\u00e1 bien informado mensualmente. S\u00f3lo tiene que registrarse para recibir nuestro bolet\u00edn con su direcci\u00f3n de correo electr\u00f3nico.<\/p>\n<ul class=\"ul_haken\">\n<li>Cup\u00f3n de descuento para productos cosm\u00e9ticos de la casa<\/li>\n<li>Consejos de est\u00e9tica y cuidado<\/li>\n<li>Noticias sobre opciones de tratamiento, salud y lugares<\/li>\n<li>Informaci\u00f3n completa sobre la comarca de Conil de la Frontera<\/li>\n<\/ul>\n<p>\u00bfA\u00fan no est\u00e1 convencido? <a href=\"#weitere-gruende-mommertz-health\">Aqu\u00ed encontrar\u00e1 m\u00e1s buenas razones para suscribirse al bolet\u00edn del Dr. Mommertz.<\/a>[\/vc_column_text][\/vc_column][\/vc_row][vc_row][vc_column][vc_empty_space][vc_column_text]<\/p>\n<h2>Mommertz Health bolet\u00edn &amp; contribuci\u00f3n archivo:<\/h2>\n<h3>Contribuciones<\/h3>\n<p>Enero 2023: <a href=\"https:\/\/mommertz.health\/es\/2023\/01\/15\/buccal-fat-removal\/\">Buccal Fat Removal [de]<\/a>    <a href=\"https:\/\/mommertz.health\/es\/2023\/01\/15\/buccal-fat-removal\/\">[en]<\/a>   <a href=\"https:\/\/mommertz.health\/es\/2023\/01\/15\/buccal-fat-removal\/\">[es]<\/a><br \/>\nDiciembre 2022: <a href=\"https:\/\/mommertz.health\/es\/2022\/12\/14\/nuevo-equipo-de-medicina-estetica-en-la-costa-de-la-luz\/\">Nuevo equipo de medicina est\u00e9tica en la Costa de la Luz<\/a><\/p>\n<h3>Bolet\u00edn<\/h3>\n<p>A partir de febrero de 2023, los boletines aparecer\u00e1n con periodicidad mensual y, a partir de entonces, se depositar\u00e1n aqu\u00ed, en el archivo, para que pueda leerlos o descargarlos.[\/vc_column_text][vc_empty_space][\/vc_column][\/vc_row][vc_row][vc_column][vc_column_text]<\/p>\n<div class=\"col-md-12 left_null\">\n<p>&nbsp;<\/p>\n<article class=\"site-content-2 start_site_content\">\n<div class=\"unter_iframe\">\n<h2 id=\"weitere-gruende-mommertz-health\">M\u00e1s razones para suscribirse al bolet\u00edn de salud de Mommertz<\/h2>\n<p>Si se inscribe en nuestro bolet\u00edn, le informaremos peri\u00f3dicamente sobre temas de actualidad en el campo de la medicina, la est\u00e9tica y la salud. Nos centramos en procedimientos m\u00ednimamente invasivos, tratamientos con \u00e1cido hialur\u00f3nico, temas de cirug\u00eda vascular, as\u00ed como cosm\u00e9ticos para el cuidado de la piel. Estaremos encantados de compartir nuestros conocimientos contigo y mantenerte al d\u00eda con el bolet\u00edn mensual de Mommertz Health.<\/p>\n<p>Lo \u00fanico m\u00e1s f\u00e1cil que suscribirse es darse de baja del bolet\u00edn: puede hacerlo en cualquier momento simplemente haciendo clic en el enlace que aparece al final de la p\u00e1gina. Como suscriptor, sin embargo, siempre recibir\u00e1s peque\u00f1as sorpresas y todos los consejos y trucos sobre cosm\u00e9tica, est\u00e9tica, salud y la Costa de la Luz.<\/p>\n<\/div>\n<p>Su equipo de Mommertz Health<\/p>\n<\/article>\n<p>&nbsp;<\/p>\n<\/div>\n<p>[\/vc_column_text][\/vc_column][\/vc_row]<\/p>\n<\/div>","protected":false},"excerpt":{"rendered":"<p>[vc_row][vc_column width=\u00bb1\/2&#8243;][vc_column_text] Suscr\u00edbase al bolet\u00edn Mommertz Health Suscr\u00edbase a nuestra lista de correo y reciba las \u00faltimas novedades noticias sobre medicina, est\u00e9tica y salud en la Costa de la Luz. [\/vc_column_text][\/vc_column][vc_column width=\u00bb1\/2&#8243;][vc_column_text] Bolet\u00edn del Mommertz Health Todas las \u00faltimas tendencias, acontecimientos interesantes y rese\u00f1as \u2013&#8230;<\/p>\n","protected":false},"author":1,"featured_media":0,"parent":0,"menu_order":0,"comment_status":"closed","ping_status":"closed","template":"","meta":{"footnotes":""},"class_list":["post-6269","page","type-page","status-publish","hentry"],"yoast_head":"<!-- This site is optimized with the Yoast SEO plugin v25.6 - https:\/\/yoast.com\/wordpress\/plugins\/seo\/ -->\n<title>Bolet\u00edn del Mommertz Health | Dr. Mommertz | Costa de la Luz<\/title>\n<meta name=\"description\" content=\"Informaci\u00f3n sobre el bolet\u00edn de noticias de Mommertz Health con contenido sobre salud, est\u00e9tica y la regi\u00f3n alrededor de Conil de la Frontera.\" \/>\n<meta name=\"robots\" content=\"index, follow, max-snippet:-1, max-image-preview:large, max-video-preview:-1\" \/>\n<link rel=\"canonical\" href=\"https:\/\/mommertz.health\/es\/boletin-del-dr-mommertz\/\" \/>\n<meta property=\"og:locale\" content=\"es_ES\" \/>\n<meta property=\"og:type\" content=\"article\" \/>\n<meta property=\"og:title\" content=\"Bolet\u00edn del Mommertz Health | Dr. Mommertz | Costa de la Luz\" \/>\n<meta property=\"og:description\" content=\"Informaci\u00f3n sobre el bolet\u00edn de noticias de Mommertz Health con contenido sobre salud, est\u00e9tica y la regi\u00f3n alrededor de Conil de la Frontera.\" \/>\n<meta property=\"og:url\" content=\"https:\/\/mommertz.health\/es\/boletin-del-dr-mommertz\/\" \/>\n<meta property=\"og:site_name\" content=\"Mommertz Health - Gesund und sch\u00f6n an der Costa de la Luz\" \/>\n<meta property=\"article:publisher\" content=\"https:\/\/www.facebook.com\/profile.php?id=100088873442215\" \/>\n<meta property=\"article:modified_time\" content=\"2023-01-16T18:50:19+00:00\" \/>\n<meta name=\"twitter:card\" content=\"summary_large_image\" \/>\n<meta name=\"twitter:label1\" content=\"Tiempo de lectura\" \/>\n\t<meta name=\"twitter:data1\" content=\"2 minutos\" \/>\n<script type=\"application\/ld+json\" class=\"yoast-schema-graph\">{\"@context\":\"https:\/\/schema.org\",\"@graph\":[{\"@type\":\"WebPage\",\"@id\":\"https:\/\/mommertz.health\/es\/boletin-del-dr-mommertz\/\",\"url\":\"https:\/\/mommertz.health\/es\/boletin-del-dr-mommertz\/\",\"name\":\"Bolet\u00edn del Mommertz Health | Dr. Mommertz | Costa de la Luz\",\"isPartOf\":{\"@id\":\"https:\/\/mommertz.health\/es\/#website\"},\"datePublished\":\"2023-01-16T18:10:10+00:00\",\"dateModified\":\"2023-01-16T18:50:19+00:00\",\"description\":\"Informaci\u00f3n sobre el bolet\u00edn de noticias de Mommertz Health con contenido sobre salud, est\u00e9tica y la regi\u00f3n alrededor de Conil de la Frontera.\",\"breadcrumb\":{\"@id\":\"https:\/\/mommertz.health\/es\/boletin-del-dr-mommertz\/#breadcrumb\"},\"inLanguage\":\"es\",\"potentialAction\":[{\"@type\":\"ReadAction\",\"target\":[\"https:\/\/mommertz.health\/es\/boletin-del-dr-mommertz\/\"]}]},{\"@type\":\"BreadcrumbList\",\"@id\":\"https:\/\/mommertz.health\/es\/boletin-del-dr-mommertz\/#breadcrumb\",\"itemListElement\":[{\"@type\":\"ListItem\",\"position\":1,\"name\":\"Startseite\",\"item\":\"https:\/\/mommertz.health\/es\/home\/\"},{\"@type\":\"ListItem\",\"position\":2,\"name\":\"Bolet\u00edn del Mommertz Health\"}]},{\"@type\":\"WebSite\",\"@id\":\"https:\/\/mommertz.health\/es\/#website\",\"url\":\"https:\/\/mommertz.health\/es\/\",\"name\":\"Mommertz Health - Gesund und sch\u00f6n an der Costa de la Luz\",\"description\":\"Wir bieten Ihnen die passenden Kosmetik- und Gesundheitsbehandlungen f\u00fcr Ihren perfekten Urlaub an der Costa de la Luz\",\"publisher\":{\"@id\":\"https:\/\/mommertz.health\/es\/#organization\"},\"potentialAction\":[{\"@type\":\"SearchAction\",\"target\":{\"@type\":\"EntryPoint\",\"urlTemplate\":\"https:\/\/mommertz.health\/es\/?s={search_term_string}\"},\"query-input\":{\"@type\":\"PropertyValueSpecification\",\"valueRequired\":true,\"valueName\":\"search_term_string\"}}],\"inLanguage\":\"es\"},{\"@type\":\"Organization\",\"@id\":\"https:\/\/mommertz.health\/es\/#organization\",\"name\":\"Dr. Mommertz - Mommertz Health\",\"url\":\"https:\/\/mommertz.health\/es\/\",\"logo\":{\"@type\":\"ImageObject\",\"inLanguage\":\"es\",\"@id\":\"https:\/\/mommertz.health\/es\/#\/schema\/logo\/image\/\",\"url\":\"https:\/\/mommertz.health\/wp-content\/uploads\/2022\/12\/Small.png\",\"contentUrl\":\"https:\/\/mommertz.health\/wp-content\/uploads\/2022\/12\/Small.png\",\"width\":512,\"height\":506,\"caption\":\"Dr. Mommertz - Mommertz Health\"},\"image\":{\"@id\":\"https:\/\/mommertz.health\/es\/#\/schema\/logo\/image\/\"},\"sameAs\":[\"https:\/\/www.facebook.com\/profile.php?id=100088873442215\",\"https:\/\/www.instagram.com\/dr_g_mommertz_beleza_y_salud\/\"]}]}<\/script>\n<!-- \/ Yoast SEO plugin. -->","yoast_head_json":{"title":"Bolet\u00edn del Mommertz Health | Dr. Mommertz | Costa de la Luz","description":"Informaci\u00f3n sobre el bolet\u00edn de noticias de Mommertz Health con contenido sobre salud, est\u00e9tica y la regi\u00f3n alrededor de Conil de la Frontera.","robots":{"index":"index","follow":"follow","max-snippet":"max-snippet:-1","max-image-preview":"max-image-preview:large","max-video-preview":"max-video-preview:-1"},"canonical":"https:\/\/mommertz.health\/es\/boletin-del-dr-mommertz\/","og_locale":"es_ES","og_type":"article","og_title":"Bolet\u00edn del Mommertz Health | Dr. Mommertz | Costa de la Luz","og_description":"Informaci\u00f3n sobre el bolet\u00edn de noticias de Mommertz Health con contenido sobre salud, est\u00e9tica y la regi\u00f3n alrededor de Conil de la Frontera.","og_url":"https:\/\/mommertz.health\/es\/boletin-del-dr-mommertz\/","og_site_name":"Mommertz Health - Gesund und sch\u00f6n an der Costa de la Luz","article_publisher":"https:\/\/www.facebook.com\/profile.php?id=100088873442215","article_modified_time":"2023-01-16T18:50:19+00:00","twitter_card":"summary_large_image","twitter_misc":{"Tiempo de lectura":"2 minutos"},"schema":{"@context":"https:\/\/schema.org","@graph":[{"@type":"WebPage","@id":"https:\/\/mommertz.health\/es\/boletin-del-dr-mommertz\/","url":"https:\/\/mommertz.health\/es\/boletin-del-dr-mommertz\/","name":"Bolet\u00edn del Mommertz Health | Dr. Mommertz | Costa de la Luz","isPartOf":{"@id":"https:\/\/mommertz.health\/es\/#website"},"datePublished":"2023-01-16T18:10:10+00:00","dateModified":"2023-01-16T18:50:19+00:00","description":"Informaci\u00f3n sobre el bolet\u00edn de noticias de Mommertz Health con contenido sobre salud, est\u00e9tica y la regi\u00f3n alrededor de Conil de la Frontera.","breadcrumb":{"@id":"https:\/\/mommertz.health\/es\/boletin-del-dr-mommertz\/#breadcrumb"},"inLanguage":"es","potentialAction":[{"@type":"ReadAction","target":["https:\/\/mommertz.health\/es\/boletin-del-dr-mommertz\/"]}]},{"@type":"BreadcrumbList","@id":"https:\/\/mommertz.health\/es\/boletin-del-dr-mommertz\/#breadcrumb","itemListElement":[{"@type":"ListItem","position":1,"name":"Startseite","item":"https:\/\/mommertz.health\/es\/home\/"},{"@type":"ListItem","position":2,"name":"Bolet\u00edn del Mommertz Health"}]},{"@type":"WebSite","@id":"https:\/\/mommertz.health\/es\/#website","url":"https:\/\/mommertz.health\/es\/","name":"Mommertz Health - Gesund und sch\u00f6n an der Costa de la Luz","description":"Wir bieten Ihnen die passenden Kosmetik- und Gesundheitsbehandlungen f\u00fcr Ihren perfekten Urlaub an der Costa de la Luz","publisher":{"@id":"https:\/\/mommertz.health\/es\/#organization"},"potentialAction":[{"@type":"SearchAction","target":{"@type":"EntryPoint","urlTemplate":"https:\/\/mommertz.health\/es\/?s={search_term_string}"},"query-input":{"@type":"PropertyValueSpecification","valueRequired":true,"valueName":"search_term_string"}}],"inLanguage":"es"},{"@type":"Organization","@id":"https:\/\/mommertz.health\/es\/#organization","name":"Dr. Mommertz - Mommertz Health","url":"https:\/\/mommertz.health\/es\/","logo":{"@type":"ImageObject","inLanguage":"es","@id":"https:\/\/mommertz.health\/es\/#\/schema\/logo\/image\/","url":"https:\/\/mommertz.health\/wp-content\/uploads\/2022\/12\/Small.png","contentUrl":"https:\/\/mommertz.health\/wp-content\/uploads\/2022\/12\/Small.png","width":512,"height":506,"caption":"Dr. Mommertz - Mommertz Health"},"image":{"@id":"https:\/\/mommertz.health\/es\/#\/schema\/logo\/image\/"},"sameAs":["https:\/\/www.facebook.com\/profile.php?id=100088873442215","https:\/\/www.instagram.com\/dr_g_mommertz_beleza_y_salud\/"]}]}},"jetpack_sharing_enabled":true,"_links":{"self":[{"href":"https:\/\/mommertz.health\/es\/wp-json\/wp\/v2\/pages\/6269","targetHints":{"allow":["GET"]}}],"collection":[{"href":"https:\/\/mommertz.health\/es\/wp-json\/wp\/v2\/pages"}],"about":[{"href":"https:\/\/mommertz.health\/es\/wp-json\/wp\/v2\/types\/page"}],"author":[{"embeddable":true,"href":"https:\/\/mommertz.health\/es\/wp-json\/wp\/v2\/users\/1"}],"replies":[{"embeddable":true,"href":"https:\/\/mommertz.health\/es\/wp-json\/wp\/v2\/comments?post=6269"}],"version-history":[{"count":5,"href":"https:\/\/mommertz.health\/es\/wp-json\/wp\/v2\/pages\/6269\/revisions"}],"predecessor-version":[{"id":6281,"href":"https:\/\/mommertz.health\/es\/wp-json\/wp\/v2\/pages\/6269\/revisions\/6281"}],"wp:attachment":[{"href":"https:\/\/mommertz.health\/es\/wp-json\/wp\/v2\/media?parent=6269"}],"curies":[{"name":"wp","href":"https:\/\/api.w.org\/{rel}","templated":true}]}}